{"id":228,"date":"2023-09-03T08:27:28","date_gmt":"2023-09-03T07:27:28","guid":{"rendered":"https:\/\/clinicautrillas.es\/?page_id=228"},"modified":"2024-12-18T10:52:59","modified_gmt":"2024-12-18T09:52:59","slug":"pide-tu-cita","status":"publish","type":"page","link":"https:\/\/clinicautrillas.es\/index.php\/pide-tu-cita\/","title":{"rendered":"Pide tu cita"},"content":{"rendered":"\t\t<div data-elementor-type=\"wp-page\" data-elementor-id=\"228\" class=\"elementor elementor-228\">\n\t\t\t\t\t\t\t\t\t<section class=\"elementor-section elementor-top-section elementor-element elementor-element-fc87ee0 elementor-section-stretched elementor-section-boxed elementor-section-height-default elementor-section-height-default\" data-id=\"fc87ee0\" data-element_type=\"section\" data-settings=\"{&quot;stretch_section&quot;:&quot;section-stretched&quot;,&quot;background_background&quot;:&quot;classic&quot;}\">\n\t\t\t\t\t\t<div class=\"elementor-container elementor-column-gap-default\">\n\t\t\t\t\t<div class=\"elementor-column elementor-col-50 elementor-top-column elementor-element elementor-element-959143b\" data-id=\"959143b\" data-element_type=\"column\">\n\t\t\t<div class=\"elementor-widget-wrap elementor-element-populated\">\n\t\t\t\t\t\t\t\t<div class=\"elementor-element elementor-element-2f4e1c9 elementor-widget elementor-widget-text-editor\" data-id=\"2f4e1c9\" data-element_type=\"widget\" data-widget_type=\"text-editor.default\">\n\t\t\t\t<div class=\"elementor-widget-container\">\n\t\t\t<style>\/*! elementor - v3.15.0 - 20-08-2023 *\/\n.elementor-widget-text-editor.elementor-drop-cap-view-stacked .elementor-drop-cap{background-color:#69727d;color:#fff}.elementor-widget-text-editor.elementor-drop-cap-view-framed .elementor-drop-cap{color:#69727d;border:3px solid;background-color:transparent}.elementor-widget-text-editor:not(.elementor-drop-cap-view-default) .elementor-drop-cap{margin-top:8px}.elementor-widget-text-editor:not(.elementor-drop-cap-view-default) .elementor-drop-cap-letter{width:1em;height:1em}.elementor-widget-text-editor .elementor-drop-cap{float:left;text-align:center;line-height:1;font-size:50px}.elementor-widget-text-editor .elementor-drop-cap-letter{display:inline-block}<\/style>\t\t\t\t<p>\u00bfD\u00f3nde estamos?<\/p>\t\t\t\t\t\t<\/div>\n\t\t\t\t<\/div>\n\t\t\t\t<div class=\"elementor-element elementor-element-4048d85 elementor-widget elementor-widget-google_maps\" data-id=\"4048d85\" data-element_type=\"widget\" data-widget_type=\"google_maps.default\">\n\t\t\t\t<div class=\"elementor-widget-container\">\n\t\t\t<style>\/*! elementor - v3.15.0 - 20-08-2023 *\/\n.elementor-widget-google_maps .elementor-widget-container{overflow:hidden}.elementor-widget-google_maps .elementor-custom-embed{line-height:0}.elementor-widget-google_maps iframe{height:300px}<\/style>\t\t<div class=\"elementor-custom-embed\">\n\t\t\t<iframe loading=\"lazy\"\n\t\t\t\t\tsrc=\"https:\/\/maps.google.com\/maps?q=Calle%20Utrillas%2C%2021%2C%20Madrid&#038;t=m&#038;z=15&#038;output=embed&#038;iwloc=near\"\n\t\t\t\t\ttitle=\"Calle Utrillas, 21, Madrid\"\n\t\t\t\t\taria-label=\"Calle Utrillas, 21, Madrid\"\n\t\t\t><\/iframe>\n\t\t<\/div>\n\t\t\t\t<\/div>\n\t\t\t\t<\/div>\n\t\t\t\t<div class=\"elementor-element elementor-element-829c2ca elementor-widget elementor-widget-text-editor\" data-id=\"829c2ca\" data-element_type=\"widget\" data-widget_type=\"text-editor.default\">\n\t\t\t\t<div class=\"elementor-widget-container\">\n\t\t\t\t\t\t\t<p><a href=\"https:\/\/goo.gl\/maps\/9Rbnm1QK8F1pXd4RA\">Calle de Utrillas, N. 21, 28043 Madrid<\/a><\/p>\t\t\t\t\t\t<\/div>\n\t\t\t\t<\/div>\n\t\t\t\t\t<\/div>\n\t\t<\/div>\n\t\t\t\t<div class=\"elementor-column elementor-col-50 elementor-top-column elementor-element elementor-element-71f4216\" data-id=\"71f4216\" data-element_type=\"column\">\n\t\t\t<div class=\"elementor-widget-wrap elementor-element-populated\">\n\t\t\t\t\t\t\t\t<div class=\"elementor-element elementor-element-53153e5 elementor-widget elementor-widget-text-editor\" data-id=\"53153e5\" data-element_type=\"widget\" data-widget_type=\"text-editor.default\">\n\t\t\t\t<div class=\"elementor-widget-container\">\n\t\t\t\t\t\t\t<p>Contacta con nosotros<\/p>\t\t\t\t\t\t<\/div>\n\t\t\t\t<\/div>\n\t\t\t\t<div class=\"elementor-element elementor-element-7426810 elementor-widget elementor-widget-shortcode\" data-id=\"7426810\" data-element_type=\"widget\" data-widget_type=\"shortcode.default\">\n\t\t\t\t<div class=\"elementor-widget-container\">\n\t\t\t\t\t<div class=\"elementor-shortcode\">\n<div class=\"wpcf7 no-js\" id=\"wpcf7-f153-o1\" lang=\"es-ES\" dir=\"ltr\">\n<div class=\"screen-reader-response\"><p role=\"status\" aria-live=\"polite\" aria-atomic=\"true\"><\/p> <ul><\/ul><\/div>\n<form action=\"\/index.php\/wp-json\/wp\/v2\/pages\/228#wpcf7-f153-o1\" method=\"post\" class=\"wpcf7-form init\" aria-label=\"Formulario de contacto\" novalidate=\"novalidate\" data-status=\"init\">\n<div style=\"display: none;\">\n<input type=\"hidden\" name=\"_wpcf7\" value=\"153\" \/>\n<input type=\"hidden\" name=\"_wpcf7_version\" value=\"5.8\" \/>\n<input type=\"hidden\" name=\"_wpcf7_locale\" value=\"es_ES\" \/>\n<input type=\"hidden\" name=\"_wpcf7_unit_tag\" value=\"wpcf7-f153-o1\" \/>\n<input type=\"hidden\" name=\"_wpcf7_container_post\" value=\"0\" \/>\n<input type=\"hidden\" name=\"_wpcf7_posted_data_hash\" value=\"\" \/>\n<\/div>\n<p><label> Tu nombre<br \/>\n<span class=\"wpcf7-form-control-wrap\" data-name=\"your-name\"><input size=\"40\" class=\"wpcf7-form-control wpcf7-text wpcf7-validates-as-required\" autocomplete=\"name\" aria-required=\"true\" aria-invalid=\"false\" value=\"\" type=\"text\" name=\"your-name\" \/><\/span> <\/label>\n<\/p>\n<p><label> Tu correo electr\u00f3nico<br \/>\n<span class=\"wpcf7-form-control-wrap\" data-name=\"your-email\"><input size=\"40\" class=\"wpcf7-form-control wpcf7-email wpcf7-validates-as-required wpcf7-text wpcf7-validates-as-email\" autocomplete=\"email\" aria-required=\"true\" aria-invalid=\"false\" value=\"\" type=\"email\" name=\"your-email\" \/><\/span> <\/label>\n<\/p>\n<p><label> Tu tel\u00e9fono<br \/>\n<span class=\"wpcf7-form-control-wrap\" data-name=\"tel-504\"><input size=\"40\" class=\"wpcf7-form-control wpcf7-tel wpcf7-text wpcf7-validates-as-tel\" aria-invalid=\"false\" value=\"\" type=\"tel\" name=\"tel-504\" \/><\/span><\/label>\n<\/p>\n<p><label> \u00bfEn qu\u00e9 est\u00e1s interesado?<br \/>\n<span class=\"wpcf7-form-control-wrap\" data-name=\"Enquestsinteresado\"><select class=\"wpcf7-form-control wpcf7-select\" aria-invalid=\"false\" name=\"Enquestsinteresado\"><option value=\"\">&#8212;Por favor, elige una opci\u00f3n&#8212;<\/option><option value=\"Podolog\u00eda\">Podolog\u00eda<\/option><option value=\"Fisioterapia\">Fisioterapia<\/option><option value=\"Nutrici\u00f3n\">Nutrici\u00f3n<\/option><option value=\"Otro\">Otro<\/option><\/select><\/span><\/label>\n<\/p>\n<p><label> Tu mensaje (opcional)<br \/>\n<span class=\"wpcf7-form-control-wrap\" data-name=\"your-message\"><textarea cols=\"40\" rows=\"3\" class=\"wpcf7-form-control wpcf7-textarea\" aria-invalid=\"false\" name=\"your-message\"><\/textarea><\/span> <\/label>\n<\/p>\n<p><input class=\"wpcf7-form-control wpcf7-submit has-spinner\" type=\"submit\" value=\"Enviar\" \/>\n<\/p>\n<p><span class=\"wpcf7-form-control-wrap\" data-name=\"acceptance-378\"><span class=\"wpcf7-form-control wpcf7-acceptance\"><span class=\"wpcf7-list-item\"><input type=\"checkbox\" name=\"acceptance-378\" value=\"1\" aria-invalid=\"false\" \/><\/span><\/span><\/span> Acepto la <a rel=\"nofollow\" href=https:\/\/clinicautrillas.es\/index.php\/politica-de-privacidad\/> pol\u00edtica de privacidad <\/a>.\n<\/p><input type='hidden' class='wpcf7-pum' value='{\"closepopup\":false,\"closedelay\":0,\"openpopup\":false,\"openpopup_id\":0}' \/><div class=\"wpcf7-response-output\" aria-hidden=\"true\"><\/div>\n<\/form>\n<\/div>\n<\/div>\n\t\t\t\t<\/div>\n\t\t\t\t<\/div>\n\t\t\t\t\t<\/div>\n\t\t<\/div>\n\t\t\t\t\t\t\t<\/div>\n\t\t<\/section>\n\t\t\t\t<section class=\"elementor-section elementor-top-section elementor-element elementor-element-cf001b6 elementor-section-stretched elementor-section-boxed elementor-section-height-default elementor-section-height-default\" data-id=\"cf001b6\" data-element_type=\"section\" data-settings=\"{&quot;stretch_section&quot;:&quot;section-stretched&quot;,&quot;background_background&quot;:&quot;classic&quot;}\">\n\t\t\t\t\t\t<div class=\"elementor-container elementor-column-gap-default\">\n\t\t\t\t\t<div class=\"elementor-column elementor-col-100 elementor-top-column elementor-element elementor-element-8079f83\" data-id=\"8079f83\" data-element_type=\"column\">\n\t\t\t<div class=\"elementor-widget-wrap elementor-element-populated\">\n\t\t\t\t\t\t\t\t<div class=\"elementor-element elementor-element-a6f85dd elementor-widget elementor-widget-text-editor\" data-id=\"a6f85dd\" data-element_type=\"widget\" data-widget_type=\"text-editor.default\">\n\t\t\t\t<div class=\"elementor-widget-container\">\n\t\t\t\t\t\t\t<p>Nuestras aseguradoras:<\/p>\t\t\t\t\t\t<\/div>\n\t\t\t\t<\/div>\n\t\t\t\t<div class=\"elementor-element elementor-element-4463dcc elementor-widget elementor-widget-image\" data-id=\"4463dcc\" data-element_type=\"widget\" data-widget_type=\"image.default\">\n\t\t\t\t<div class=\"elementor-widget-container\">\n\t\t\t<style>\/*! elementor - v3.15.0 - 20-08-2023 *\/\n.elementor-widget-image{text-align:center}.elementor-widget-image a{display:inline-block}.elementor-widget-image a img[src$=\".svg\"]{width:48px}.elementor-widget-image img{vertical-align:middle;display:inline-block}<\/style>\t\t\t\t\t\t\t\t\t\t\t\t<img loading=\"lazy\" decoding=\"async\" width=\"768\" height=\"66\" src=\"https:\/\/clinicautrillas.es\/wp-content\/uploads\/2023\/12\/nuestras-aseguradoras-clinica-utrillas-a-768x66.png\" class=\"attachment-medium_large size-medium_large wp-image-344\" alt=\"\" srcset=\"https:\/\/clinicautrillas.es\/wp-content\/uploads\/2023\/12\/nuestras-aseguradoras-clinica-utrillas-a-768x66.png 768w, https:\/\/clinicautrillas.es\/wp-content\/uploads\/2023\/12\/nuestras-aseguradoras-clinica-utrillas-a-300x26.png 300w, https:\/\/clinicautrillas.es\/wp-content\/uploads\/2023\/12\/nuestras-aseguradoras-clinica-utrillas-a-1024x88.png 1024w, https:\/\/clinicautrillas.es\/wp-content\/uploads\/2023\/12\/nuestras-aseguradoras-clinica-utrillas-a.png 1291w\" sizes=\"auto, (max-width: 768px) 100vw, 768px\" \/>\t\t\t\t\t\t\t\t\t\t\t\t\t\t\t<\/div>\n\t\t\t\t<\/div>\n\t\t\t\t\t<\/div>\n\t\t<\/div>\n\t\t\t\t\t\t\t<\/div>\n\t\t<\/section>\n\t\t\t\t\t\t\t<\/div>\n\t\t","protected":false},"excerpt":{"rendered":"<p>\u00bfD\u00f3nde estamos? Calle de Utrillas, N. 21, 28043 Madrid Contacta con nosotros Nuestras aseguradoras:<\/p>\n","protected":false},"author":1,"featured_media":0,"parent":0,"menu_order":0,"comment_status":"closed","ping_status":"closed","template":"","meta":{"site-sidebar-layout":"no-sidebar","site-content-layout":"page-builder","ast-global-header-display":"","ast-main-header-display":"","ast-hfb-above-header-display":"","ast-hfb-below-header-display":"","ast-hfb-mobile-header-display":"","site-post-title":"disabled","ast-breadcrumbs-content":"","ast-featured-img":"disabled","footer-sml-layout":"","theme-transparent-header-meta":"","adv-header-id-meta":"","stick-header-meta":"","header-above-stick-meta":"","header-main-stick-meta":"","header-below-stick-meta":"","footnotes":""},"class_list":["post-228","page","type-page","status-publish","hentry"],"yoast_head":"<!-- This site is optimized with the Yoast SEO plugin v19.10 - https:\/\/yoast.com\/wordpress\/plugins\/seo\/ -->\n<title>Pide tu cita - Cl\u00ednica Utrillas<\/title>\n<meta name=\"description\" content=\"\u00bfBuscas fisioterapia y podolog\u00eda en Madrid Hortaleza? \u00a1Contacta con nosotros para pedir cita en nuestra cl\u00ednica de especialistas! Ofrecemos atenci\u00f3n de calidad para tu bienestar. \u00a1Pide tu cita ahora!\" \/>\n<meta name=\"robots\" content=\"index, follow, max-snippet:-1, max-image-preview:large, max-video-preview:-1\" \/>\n<link rel=\"canonical\" href=\"https:\/\/clinicautrillas.es\/index.php\/pide-tu-cita\/\" \/>\n<meta property=\"og:locale\" content=\"es_ES\" \/>\n<meta property=\"og:type\" content=\"article\" \/>\n<meta property=\"og:title\" content=\"Pide tu cita - Cl\u00ednica Utrillas\" \/>\n<meta property=\"og:description\" content=\"\u00bfBuscas fisioterapia y podolog\u00eda en Madrid Hortaleza? \u00a1Contacta con nosotros para pedir cita en nuestra cl\u00ednica de especialistas! Ofrecemos atenci\u00f3n de calidad para tu bienestar. \u00a1Pide tu cita ahora!\" \/>\n<meta property=\"og:url\" content=\"https:\/\/clinicautrillas.es\/index.php\/pide-tu-cita\/\" \/>\n<meta property=\"og:site_name\" content=\"Cl\u00ednica Utrillas\" \/>\n<meta property=\"article:modified_time\" content=\"2024-12-18T09:52:59+00:00\" \/>\n<meta property=\"og:image\" content=\"http:\/\/clinicautrillas.es\/wp-content\/uploads\/2023\/12\/nuestras-aseguradoras-clinica-utrillas-a-768x66.png\" \/>\n<meta name=\"twitter:card\" content=\"summary_large_image\" \/>\n<meta name=\"twitter:label1\" content=\"Tiempo de lectura\" \/>\n\t<meta name=\"twitter:data1\" content=\"1 minuto\" \/>\n<script type=\"application\/ld+json\" class=\"yoast-schema-graph\">{\"@context\":\"https:\/\/schema.org\",\"@graph\":[{\"@type\":\"WebPage\",\"@id\":\"https:\/\/clinicautrillas.es\/index.php\/pide-tu-cita\/\",\"url\":\"https:\/\/clinicautrillas.es\/index.php\/pide-tu-cita\/\",\"name\":\"Pide tu cita - Cl\u00ednica Utrillas\",\"isPartOf\":{\"@id\":\"https:\/\/clinicautrillas.es\/#website\"},\"datePublished\":\"2023-09-03T07:27:28+00:00\",\"dateModified\":\"2024-12-18T09:52:59+00:00\",\"description\":\"\u00bfBuscas fisioterapia y podolog\u00eda en Madrid Hortaleza? \u00a1Contacta con nosotros para pedir cita en nuestra cl\u00ednica de especialistas! Ofrecemos atenci\u00f3n de calidad para tu bienestar. \u00a1Pide tu cita ahora!\",\"breadcrumb\":{\"@id\":\"https:\/\/clinicautrillas.es\/index.php\/pide-tu-cita\/#breadcrumb\"},\"inLanguage\":\"es\",\"potentialAction\":[{\"@type\":\"ReadAction\",\"target\":[\"https:\/\/clinicautrillas.es\/index.php\/pide-tu-cita\/\"]}]},{\"@type\":\"BreadcrumbList\",\"@id\":\"https:\/\/clinicautrillas.es\/index.php\/pide-tu-cita\/#breadcrumb\",\"itemListElement\":[{\"@type\":\"ListItem\",\"position\":1,\"name\":\"Portada\",\"item\":\"https:\/\/clinicautrillas.es\/\"},{\"@type\":\"ListItem\",\"position\":2,\"name\":\"Pide tu cita\"}]},{\"@type\":\"WebSite\",\"@id\":\"https:\/\/clinicautrillas.es\/#website\",\"url\":\"https:\/\/clinicautrillas.es\/\",\"name\":\"Cl\u00ednica Utrillas\",\"description\":\"Cl\u00ednica de Podolog\u00eda y Fisioterapia\",\"potentialAction\":[{\"@type\":\"SearchAction\",\"target\":{\"@type\":\"EntryPoint\",\"urlTemplate\":\"https:\/\/clinicautrillas.es\/?s={search_term_string}\"},\"query-input\":\"required name=search_term_string\"}],\"inLanguage\":\"es\"}]}<\/script>\n<!-- \/ Yoast SEO plugin. -->","yoast_head_json":{"title":"Pide tu cita - Cl\u00ednica Utrillas","description":"\u00bfBuscas fisioterapia y podolog\u00eda en Madrid Hortaleza? \u00a1Contacta con nosotros para pedir cita en nuestra cl\u00ednica de especialistas! Ofrecemos atenci\u00f3n de calidad para tu bienestar. \u00a1Pide tu cita ahora!","robots":{"index":"index","follow":"follow","max-snippet":"max-snippet:-1","max-image-preview":"max-image-preview:large","max-video-preview":"max-video-preview:-1"},"canonical":"https:\/\/clinicautrillas.es\/index.php\/pide-tu-cita\/","og_locale":"es_ES","og_type":"article","og_title":"Pide tu cita - Cl\u00ednica Utrillas","og_description":"\u00bfBuscas fisioterapia y podolog\u00eda en Madrid Hortaleza? \u00a1Contacta con nosotros para pedir cita en nuestra cl\u00ednica de especialistas! Ofrecemos atenci\u00f3n de calidad para tu bienestar. \u00a1Pide tu cita ahora!","og_url":"https:\/\/clinicautrillas.es\/index.php\/pide-tu-cita\/","og_site_name":"Cl\u00ednica Utrillas","article_modified_time":"2024-12-18T09:52:59+00:00","og_image":[{"url":"http:\/\/clinicautrillas.es\/wp-content\/uploads\/2023\/12\/nuestras-aseguradoras-clinica-utrillas-a-768x66.png"}],"twitter_card":"summary_large_image","twitter_misc":{"Tiempo de lectura":"1 minuto"},"schema":{"@context":"https:\/\/schema.org","@graph":[{"@type":"WebPage","@id":"https:\/\/clinicautrillas.es\/index.php\/pide-tu-cita\/","url":"https:\/\/clinicautrillas.es\/index.php\/pide-tu-cita\/","name":"Pide tu cita - Cl\u00ednica Utrillas","isPartOf":{"@id":"https:\/\/clinicautrillas.es\/#website"},"datePublished":"2023-09-03T07:27:28+00:00","dateModified":"2024-12-18T09:52:59+00:00","description":"\u00bfBuscas fisioterapia y podolog\u00eda en Madrid Hortaleza? \u00a1Contacta con nosotros para pedir cita en nuestra cl\u00ednica de especialistas! Ofrecemos atenci\u00f3n de calidad para tu bienestar. \u00a1Pide tu cita ahora!","breadcrumb":{"@id":"https:\/\/clinicautrillas.es\/index.php\/pide-tu-cita\/#breadcrumb"},"inLanguage":"es","potentialAction":[{"@type":"ReadAction","target":["https:\/\/clinicautrillas.es\/index.php\/pide-tu-cita\/"]}]},{"@type":"BreadcrumbList","@id":"https:\/\/clinicautrillas.es\/index.php\/pide-tu-cita\/#breadcrumb","itemListElement":[{"@type":"ListItem","position":1,"name":"Portada","item":"https:\/\/clinicautrillas.es\/"},{"@type":"ListItem","position":2,"name":"Pide tu cita"}]},{"@type":"WebSite","@id":"https:\/\/clinicautrillas.es\/#website","url":"https:\/\/clinicautrillas.es\/","name":"Cl\u00ednica Utrillas","description":"Cl\u00ednica de Podolog\u00eda y Fisioterapia","potentialAction":[{"@type":"SearchAction","target":{"@type":"EntryPoint","urlTemplate":"https:\/\/clinicautrillas.es\/?s={search_term_string}"},"query-input":"required name=search_term_string"}],"inLanguage":"es"}]}},"_links":{"self":[{"href":"https:\/\/clinicautrillas.es\/index.php\/wp-json\/wp\/v2\/pages\/228","targetHints":{"allow":["GET"]}}],"collection":[{"href":"https:\/\/clinicautrillas.es\/index.php\/wp-json\/wp\/v2\/pages"}],"about":[{"href":"https:\/\/clinicautrillas.es\/index.php\/wp-json\/wp\/v2\/types\/page"}],"author":[{"embeddable":true,"href":"https:\/\/clinicautrillas.es\/index.php\/wp-json\/wp\/v2\/users\/1"}],"replies":[{"embeddable":true,"href":"https:\/\/clinicautrillas.es\/index.php\/wp-json\/wp\/v2\/comments?post=228"}],"version-history":[{"count":19,"href":"https:\/\/clinicautrillas.es\/index.php\/wp-json\/wp\/v2\/pages\/228\/revisions"}],"predecessor-version":[{"id":433,"href":"https:\/\/clinicautrillas.es\/index.php\/wp-json\/wp\/v2\/pages\/228\/revisions\/433"}],"wp:attachment":[{"href":"https:\/\/clinicautrillas.es\/index.php\/wp-json\/wp\/v2\/media?parent=228"}],"curies":[{"name":"wp","href":"https:\/\/api.w.org\/{rel}","templated":true}]}}